{"id":1036,"date":"2024-11-28T14:17:16","date_gmt":"2024-11-28T13:17:16","guid":{"rendered":"https:\/\/www.iseolagohotel.it\/restaurant\/"},"modified":"2026-03-06T11:39:03","modified_gmt":"2026-03-06T10:39:03","slug":"restaurant","status":"publish","type":"page","link":"https:\/\/www.iseolagohotel.it\/fr\/restaurant\/","title":{"rendered":"Restaurant"},"content":{"rendered":"","protected":false},"excerpt":{"rendered":"","protected":false},"author":1,"featured_media":447,"parent":0,"menu_order":0,"comment_status":"closed","ping_status":"closed","template":"page-ristorante.php","meta":{"_acf_changed":false,"inline_featured_image":false,"footnotes":""},"class_list":["post-1036","page","type-page","status-publish","has-post-thumbnail","hentry"],"acf":[],"yoast_head":"<!-- This site is optimized with the Yoast SEO plugin v27.4 - https:\/\/yoast.com\/product\/yoast-seo-wordpress\/ -->\n<title>Restaurant - Iseo Lago Hotel<\/title>\n<meta name=\"robots\" content=\"index, follow, max-snippet:-1, max-image-preview:large, max-video-preview:-1\" \/>\n<link rel=\"canonical\" href=\"https:\/\/www.iseolagohotel.it\/fr\/restaurant\/\" \/>\n<meta property=\"og:locale\" content=\"fr_FR\" \/>\n<meta property=\"og:type\" content=\"article\" \/>\n<meta property=\"og:title\" content=\"Restaurant - Iseo Lago Hotel\" \/>\n<meta property=\"og:url\" content=\"https:\/\/www.iseolagohotel.it\/fr\/restaurant\/\" \/>\n<meta property=\"og:site_name\" content=\"Iseo Lago Hotel\" \/>\n<meta property=\"article:publisher\" content=\"https:\/\/www.facebook.com\/hotel.iseolago\" \/>\n<meta property=\"article:modified_time\" content=\"2026-03-06T10:39:03+00:00\" \/>\n<meta property=\"og:image\" content=\"https:\/\/www.iseolagohotel.it\/wp-content\/uploads\/2024\/12\/piatto-ristorante-alzavola-iseolago-hotel-thumbnail.webp\" \/>\n\t<meta property=\"og:image:width\" content=\"1536\" \/>\n\t<meta property=\"og:image:height\" content=\"1080\" \/>\n\t<meta property=\"og:image:type\" content=\"image\/webp\" \/>\n<meta name=\"twitter:card\" content=\"summary_large_image\" \/>\n<meta name=\"twitter:label1\" content=\"Dur\u00e9e de lecture estim\u00e9e\" \/>\n\t<meta name=\"twitter:data1\" content=\"1 minute\" \/>\n<script type=\"application\/ld+json\" class=\"yoast-schema-graph\">{\"@context\":\"https:\\\/\\\/schema.org\",\"@graph\":[{\"@type\":\"WebPage\",\"@id\":\"https:\\\/\\\/www.iseolagohotel.it\\\/fr\\\/restaurant\\\/\",\"url\":\"https:\\\/\\\/www.iseolagohotel.it\\\/fr\\\/restaurant\\\/\",\"name\":\"Restaurant - Iseo Lago Hotel\",\"isPartOf\":{\"@id\":\"https:\\\/\\\/www.iseolagohotel.it\\\/fr\\\/#website\"},\"primaryImageOfPage\":{\"@id\":\"https:\\\/\\\/www.iseolagohotel.it\\\/fr\\\/restaurant\\\/#primaryimage\"},\"image\":{\"@id\":\"https:\\\/\\\/www.iseolagohotel.it\\\/fr\\\/restaurant\\\/#primaryimage\"},\"thumbnailUrl\":\"https:\\\/\\\/www.iseolagohotel.it\\\/wp-content\\\/uploads\\\/2024\\\/12\\\/piatto-ristorante-alzavola-iseolago-hotel-thumbnail.webp\",\"datePublished\":\"2024-11-28T13:17:16+00:00\",\"dateModified\":\"2026-03-06T10:39:03+00:00\",\"breadcrumb\":{\"@id\":\"https:\\\/\\\/www.iseolagohotel.it\\\/fr\\\/restaurant\\\/#breadcrumb\"},\"inLanguage\":\"fr-FR\",\"potentialAction\":[{\"@type\":\"ReadAction\",\"target\":[\"https:\\\/\\\/www.iseolagohotel.it\\\/fr\\\/restaurant\\\/\"]}]},{\"@type\":\"ImageObject\",\"inLanguage\":\"fr-FR\",\"@id\":\"https:\\\/\\\/www.iseolagohotel.it\\\/fr\\\/restaurant\\\/#primaryimage\",\"url\":\"https:\\\/\\\/www.iseolagohotel.it\\\/wp-content\\\/uploads\\\/2024\\\/12\\\/piatto-ristorante-alzavola-iseolago-hotel-thumbnail.webp\",\"contentUrl\":\"https:\\\/\\\/www.iseolagohotel.it\\\/wp-content\\\/uploads\\\/2024\\\/12\\\/piatto-ristorante-alzavola-iseolago-hotel-thumbnail.webp\",\"width\":1536,\"height\":1080},{\"@type\":\"BreadcrumbList\",\"@id\":\"https:\\\/\\\/www.iseolagohotel.it\\\/fr\\\/restaurant\\\/#breadcrumb\",\"itemListElement\":[{\"@type\":\"ListItem\",\"position\":1,\"name\":\"Home\",\"item\":\"https:\\\/\\\/www.iseolagohotel.it\\\/fr\\\/\"},{\"@type\":\"ListItem\",\"position\":2,\"name\":\"Restaurant\"}]},{\"@type\":\"WebSite\",\"@id\":\"https:\\\/\\\/www.iseolagohotel.it\\\/fr\\\/#website\",\"url\":\"https:\\\/\\\/www.iseolagohotel.it\\\/fr\\\/\",\"name\":\"Iseo Lago Hotel\",\"description\":\"D\u00e9connectez \u2013 vous et r\u00e9veillez vos sens \u00e0 l&#039;H\u00f4tel Iseolago\",\"potentialAction\":[{\"@type\":\"SearchAction\",\"target\":{\"@type\":\"EntryPoint\",\"urlTemplate\":\"https:\\\/\\\/www.iseolagohotel.it\\\/fr\\\/?s={search_term_string}\"},\"query-input\":{\"@type\":\"PropertyValueSpecification\",\"valueRequired\":true,\"valueName\":\"search_term_string\"}}],\"inLanguage\":\"fr-FR\"}]}<\/script>\n<!-- \/ Yoast SEO plugin. -->","yoast_head_json":{"title":"Restaurant - Iseo Lago Hotel","robots":{"index":"index","follow":"follow","max-snippet":"max-snippet:-1","max-image-preview":"max-image-preview:large","max-video-preview":"max-video-preview:-1"},"canonical":"https:\/\/www.iseolagohotel.it\/fr\/restaurant\/","og_locale":"fr_FR","og_type":"article","og_title":"Restaurant - Iseo Lago Hotel","og_url":"https:\/\/www.iseolagohotel.it\/fr\/restaurant\/","og_site_name":"Iseo Lago Hotel","article_publisher":"https:\/\/www.facebook.com\/hotel.iseolago","article_modified_time":"2026-03-06T10:39:03+00:00","og_image":[{"width":1536,"height":1080,"url":"https:\/\/www.iseolagohotel.it\/wp-content\/uploads\/2024\/12\/piatto-ristorante-alzavola-iseolago-hotel-thumbnail.webp","type":"image\/webp"}],"twitter_card":"summary_large_image","twitter_misc":{"Dur\u00e9e de lecture estim\u00e9e":"1 minute"},"schema":{"@context":"https:\/\/schema.org","@graph":[{"@type":"WebPage","@id":"https:\/\/www.iseolagohotel.it\/fr\/restaurant\/","url":"https:\/\/www.iseolagohotel.it\/fr\/restaurant\/","name":"Restaurant - Iseo Lago Hotel","isPartOf":{"@id":"https:\/\/www.iseolagohotel.it\/fr\/#website"},"primaryImageOfPage":{"@id":"https:\/\/www.iseolagohotel.it\/fr\/restaurant\/#primaryimage"},"image":{"@id":"https:\/\/www.iseolagohotel.it\/fr\/restaurant\/#primaryimage"},"thumbnailUrl":"https:\/\/www.iseolagohotel.it\/wp-content\/uploads\/2024\/12\/piatto-ristorante-alzavola-iseolago-hotel-thumbnail.webp","datePublished":"2024-11-28T13:17:16+00:00","dateModified":"2026-03-06T10:39:03+00:00","breadcrumb":{"@id":"https:\/\/www.iseolagohotel.it\/fr\/restaurant\/#breadcrumb"},"inLanguage":"fr-FR","potentialAction":[{"@type":"ReadAction","target":["https:\/\/www.iseolagohotel.it\/fr\/restaurant\/"]}]},{"@type":"ImageObject","inLanguage":"fr-FR","@id":"https:\/\/www.iseolagohotel.it\/fr\/restaurant\/#primaryimage","url":"https:\/\/www.iseolagohotel.it\/wp-content\/uploads\/2024\/12\/piatto-ristorante-alzavola-iseolago-hotel-thumbnail.webp","contentUrl":"https:\/\/www.iseolagohotel.it\/wp-content\/uploads\/2024\/12\/piatto-ristorante-alzavola-iseolago-hotel-thumbnail.webp","width":1536,"height":1080},{"@type":"BreadcrumbList","@id":"https:\/\/www.iseolagohotel.it\/fr\/restaurant\/#breadcrumb","itemListElement":[{"@type":"ListItem","position":1,"name":"Home","item":"https:\/\/www.iseolagohotel.it\/fr\/"},{"@type":"ListItem","position":2,"name":"Restaurant"}]},{"@type":"WebSite","@id":"https:\/\/www.iseolagohotel.it\/fr\/#website","url":"https:\/\/www.iseolagohotel.it\/fr\/","name":"Iseo Lago Hotel","description":"D\u00e9connectez \u2013 vous et r\u00e9veillez vos sens \u00e0 l&#039;H\u00f4tel Iseolago","potentialAction":[{"@type":"SearchAction","target":{"@type":"EntryPoint","urlTemplate":"https:\/\/www.iseolagohotel.it\/fr\/?s={search_term_string}"},"query-input":{"@type":"PropertyValueSpecification","valueRequired":true,"valueName":"search_term_string"}}],"inLanguage":"fr-FR"}]}},"_links":{"self":[{"href":"https:\/\/www.iseolagohotel.it\/fr\/wp-json\/wp\/v2\/pages\/1036","targetHints":{"allow":["GET"]}}],"collection":[{"href":"https:\/\/www.iseolagohotel.it\/fr\/wp-json\/wp\/v2\/pages"}],"about":[{"href":"https:\/\/www.iseolagohotel.it\/fr\/wp-json\/wp\/v2\/types\/page"}],"author":[{"embeddable":true,"href":"https:\/\/www.iseolagohotel.it\/fr\/wp-json\/wp\/v2\/users\/1"}],"replies":[{"embeddable":true,"href":"https:\/\/www.iseolagohotel.it\/fr\/wp-json\/wp\/v2\/comments?post=1036"}],"version-history":[{"count":23,"href":"https:\/\/www.iseolagohotel.it\/fr\/wp-json\/wp\/v2\/pages\/1036\/revisions"}],"predecessor-version":[{"id":1797,"href":"https:\/\/www.iseolagohotel.it\/fr\/wp-json\/wp\/v2\/pages\/1036\/revisions\/1797"}],"wp:featuredmedia":[{"embeddable":true,"href":"https:\/\/www.iseolagohotel.it\/fr\/wp-json\/wp\/v2\/media\/447"}],"wp:attachment":[{"href":"https:\/\/www.iseolagohotel.it\/fr\/wp-json\/wp\/v2\/media?parent=1036"}],"curies":[{"name":"wp","href":"https:\/\/api.w.org\/{rel}","templated":true}]}}