{"id":898,"date":"2024-11-28T14:15:49","date_gmt":"2024-11-28T13:15:49","guid":{"rendered":"https:\/\/www.iseolagohotel.it\/services\/"},"modified":"2024-12-20T09:25:51","modified_gmt":"2024-12-20T08:25:51","slug":"services","status":"publish","type":"page","link":"https:\/\/www.iseolagohotel.it\/fr\/services\/","title":{"rendered":"Services"},"content":{"rendered":"","protected":false},"excerpt":{"rendered":"","protected":false},"author":1,"featured_media":398,"parent":0,"menu_order":0,"comment_status":"closed","ping_status":"closed","template":"page-servizi.php","meta":{"_acf_changed":false,"inline_featured_image":false,"footnotes":""},"class_list":["post-898","page","type-page","status-publish","has-post-thumbnail","hentry"],"acf":[],"yoast_head":"<!-- This site is optimized with the Yoast SEO plugin v27.4 - https:\/\/yoast.com\/product\/yoast-seo-wordpress\/ -->\n<title>Services - Iseo Lago Hotel<\/title>\n<meta name=\"robots\" content=\"index, follow, max-snippet:-1, max-image-preview:large, max-video-preview:-1\" \/>\n<link rel=\"canonical\" href=\"https:\/\/www.iseolagohotel.it\/fr\/services\/\" \/>\n<meta property=\"og:locale\" content=\"fr_FR\" \/>\n<meta property=\"og:type\" content=\"article\" \/>\n<meta property=\"og:title\" content=\"Services - Iseo Lago Hotel\" \/>\n<meta property=\"og:url\" content=\"https:\/\/www.iseolagohotel.it\/fr\/services\/\" \/>\n<meta property=\"og:site_name\" content=\"Iseo Lago Hotel\" \/>\n<meta property=\"article:publisher\" content=\"https:\/\/www.facebook.com\/hotel.iseolago\" \/>\n<meta property=\"article:modified_time\" content=\"2024-12-20T08:25:51+00:00\" \/>\n<meta property=\"og:image\" content=\"https:\/\/www.iseolagohotel.it\/wp-content\/uploads\/2024\/12\/esperienza-completa-iseolago-3.webp\" \/>\n\t<meta property=\"og:image:width\" content=\"1024\" \/>\n\t<meta property=\"og:image:height\" content=\"683\" \/>\n\t<meta property=\"og:image:type\" content=\"image\/webp\" \/>\n<meta name=\"twitter:card\" content=\"summary_large_image\" \/>\n<script type=\"application\/ld+json\" class=\"yoast-schema-graph\">{\"@context\":\"https:\\\/\\\/schema.org\",\"@graph\":[{\"@type\":\"WebPage\",\"@id\":\"https:\\\/\\\/www.iseolagohotel.it\\\/fr\\\/services\\\/\",\"url\":\"https:\\\/\\\/www.iseolagohotel.it\\\/fr\\\/services\\\/\",\"name\":\"Services - Iseo Lago Hotel\",\"isPartOf\":{\"@id\":\"https:\\\/\\\/www.iseolagohotel.it\\\/fr\\\/#website\"},\"primaryImageOfPage\":{\"@id\":\"https:\\\/\\\/www.iseolagohotel.it\\\/fr\\\/services\\\/#primaryimage\"},\"image\":{\"@id\":\"https:\\\/\\\/www.iseolagohotel.it\\\/fr\\\/services\\\/#primaryimage\"},\"thumbnailUrl\":\"https:\\\/\\\/www.iseolagohotel.it\\\/wp-content\\\/uploads\\\/2024\\\/12\\\/esperienza-completa-iseolago-3.webp\",\"datePublished\":\"2024-11-28T13:15:49+00:00\",\"dateModified\":\"2024-12-20T08:25:51+00:00\",\"breadcrumb\":{\"@id\":\"https:\\\/\\\/www.iseolagohotel.it\\\/fr\\\/services\\\/#breadcrumb\"},\"inLanguage\":\"fr-FR\",\"potentialAction\":[{\"@type\":\"ReadAction\",\"target\":[\"https:\\\/\\\/www.iseolagohotel.it\\\/fr\\\/services\\\/\"]}]},{\"@type\":\"ImageObject\",\"inLanguage\":\"fr-FR\",\"@id\":\"https:\\\/\\\/www.iseolagohotel.it\\\/fr\\\/services\\\/#primaryimage\",\"url\":\"https:\\\/\\\/www.iseolagohotel.it\\\/wp-content\\\/uploads\\\/2024\\\/12\\\/esperienza-completa-iseolago-3.webp\",\"contentUrl\":\"https:\\\/\\\/www.iseolagohotel.it\\\/wp-content\\\/uploads\\\/2024\\\/12\\\/esperienza-completa-iseolago-3.webp\",\"width\":1024,\"height\":683},{\"@type\":\"BreadcrumbList\",\"@id\":\"https:\\\/\\\/www.iseolagohotel.it\\\/fr\\\/services\\\/#breadcrumb\",\"itemListElement\":[{\"@type\":\"ListItem\",\"position\":1,\"name\":\"Home\",\"item\":\"https:\\\/\\\/www.iseolagohotel.it\\\/fr\\\/\"},{\"@type\":\"ListItem\",\"position\":2,\"name\":\"Services\"}]},{\"@type\":\"WebSite\",\"@id\":\"https:\\\/\\\/www.iseolagohotel.it\\\/fr\\\/#website\",\"url\":\"https:\\\/\\\/www.iseolagohotel.it\\\/fr\\\/\",\"name\":\"Iseo Lago Hotel\",\"description\":\"D\u00e9connectez \u2013 vous et r\u00e9veillez vos sens \u00e0 l&#039;H\u00f4tel Iseolago\",\"potentialAction\":[{\"@type\":\"SearchAction\",\"target\":{\"@type\":\"EntryPoint\",\"urlTemplate\":\"https:\\\/\\\/www.iseolagohotel.it\\\/fr\\\/?s={search_term_string}\"},\"query-input\":{\"@type\":\"PropertyValueSpecification\",\"valueRequired\":true,\"valueName\":\"search_term_string\"}}],\"inLanguage\":\"fr-FR\"}]}<\/script>\n<!-- \/ Yoast SEO plugin. -->","yoast_head_json":{"title":"Services - Iseo Lago Hotel","robots":{"index":"index","follow":"follow","max-snippet":"max-snippet:-1","max-image-preview":"max-image-preview:large","max-video-preview":"max-video-preview:-1"},"canonical":"https:\/\/www.iseolagohotel.it\/fr\/services\/","og_locale":"fr_FR","og_type":"article","og_title":"Services - Iseo Lago Hotel","og_url":"https:\/\/www.iseolagohotel.it\/fr\/services\/","og_site_name":"Iseo Lago Hotel","article_publisher":"https:\/\/www.facebook.com\/hotel.iseolago","article_modified_time":"2024-12-20T08:25:51+00:00","og_image":[{"width":1024,"height":683,"url":"https:\/\/www.iseolagohotel.it\/wp-content\/uploads\/2024\/12\/esperienza-completa-iseolago-3.webp","type":"image\/webp"}],"twitter_card":"summary_large_image","schema":{"@context":"https:\/\/schema.org","@graph":[{"@type":"WebPage","@id":"https:\/\/www.iseolagohotel.it\/fr\/services\/","url":"https:\/\/www.iseolagohotel.it\/fr\/services\/","name":"Services - Iseo Lago Hotel","isPartOf":{"@id":"https:\/\/www.iseolagohotel.it\/fr\/#website"},"primaryImageOfPage":{"@id":"https:\/\/www.iseolagohotel.it\/fr\/services\/#primaryimage"},"image":{"@id":"https:\/\/www.iseolagohotel.it\/fr\/services\/#primaryimage"},"thumbnailUrl":"https:\/\/www.iseolagohotel.it\/wp-content\/uploads\/2024\/12\/esperienza-completa-iseolago-3.webp","datePublished":"2024-11-28T13:15:49+00:00","dateModified":"2024-12-20T08:25:51+00:00","breadcrumb":{"@id":"https:\/\/www.iseolagohotel.it\/fr\/services\/#breadcrumb"},"inLanguage":"fr-FR","potentialAction":[{"@type":"ReadAction","target":["https:\/\/www.iseolagohotel.it\/fr\/services\/"]}]},{"@type":"ImageObject","inLanguage":"fr-FR","@id":"https:\/\/www.iseolagohotel.it\/fr\/services\/#primaryimage","url":"https:\/\/www.iseolagohotel.it\/wp-content\/uploads\/2024\/12\/esperienza-completa-iseolago-3.webp","contentUrl":"https:\/\/www.iseolagohotel.it\/wp-content\/uploads\/2024\/12\/esperienza-completa-iseolago-3.webp","width":1024,"height":683},{"@type":"BreadcrumbList","@id":"https:\/\/www.iseolagohotel.it\/fr\/services\/#breadcrumb","itemListElement":[{"@type":"ListItem","position":1,"name":"Home","item":"https:\/\/www.iseolagohotel.it\/fr\/"},{"@type":"ListItem","position":2,"name":"Services"}]},{"@type":"WebSite","@id":"https:\/\/www.iseolagohotel.it\/fr\/#website","url":"https:\/\/www.iseolagohotel.it\/fr\/","name":"Iseo Lago Hotel","description":"D\u00e9connectez \u2013 vous et r\u00e9veillez vos sens \u00e0 l&#039;H\u00f4tel Iseolago","potentialAction":[{"@type":"SearchAction","target":{"@type":"EntryPoint","urlTemplate":"https:\/\/www.iseolagohotel.it\/fr\/?s={search_term_string}"},"query-input":{"@type":"PropertyValueSpecification","valueRequired":true,"valueName":"search_term_string"}}],"inLanguage":"fr-FR"}]}},"_links":{"self":[{"href":"https:\/\/www.iseolagohotel.it\/fr\/wp-json\/wp\/v2\/pages\/898","targetHints":{"allow":["GET"]}}],"collection":[{"href":"https:\/\/www.iseolagohotel.it\/fr\/wp-json\/wp\/v2\/pages"}],"about":[{"href":"https:\/\/www.iseolagohotel.it\/fr\/wp-json\/wp\/v2\/types\/page"}],"author":[{"embeddable":true,"href":"https:\/\/www.iseolagohotel.it\/fr\/wp-json\/wp\/v2\/users\/1"}],"replies":[{"embeddable":true,"href":"https:\/\/www.iseolagohotel.it\/fr\/wp-json\/wp\/v2\/comments?post=898"}],"version-history":[{"count":5,"href":"https:\/\/www.iseolagohotel.it\/fr\/wp-json\/wp\/v2\/pages\/898\/revisions"}],"predecessor-version":[{"id":1431,"href":"https:\/\/www.iseolagohotel.it\/fr\/wp-json\/wp\/v2\/pages\/898\/revisions\/1431"}],"wp:featuredmedia":[{"embeddable":true,"href":"https:\/\/www.iseolagohotel.it\/fr\/wp-json\/wp\/v2\/media\/398"}],"wp:attachment":[{"href":"https:\/\/www.iseolagohotel.it\/fr\/wp-json\/wp\/v2\/media?parent=898"}],"curies":[{"name":"wp","href":"https:\/\/api.w.org\/{rel}","templated":true}]}}